{"id":32,"date":"2020-03-06T17:39:43","date_gmt":"2020-03-06T17:39:43","guid":{"rendered":"http:\/\/www.derguti-bau.ch\/?page_id=32"},"modified":"2022-01-05T06:23:05","modified_gmt":"2022-01-05T06:23:05","slug":"ueber-uns","status":"publish","type":"page","link":"https:\/\/www.derguti-bau.ch\/fr\/ueber-uns\/","title":{"rendered":"A propos de nous"},"content":{"rendered":"<div data-elementor-type=\"wp-page\" data-elementor-id=\"32\" class=\"elementor elementor-32\">\n\t\t\t\t\t\t<div class=\"elementor-inner\">\n\t\t\t\t<div class=\"elementor-section-wrap\">\n\t\t\t\t\t\t\t\t\t<section class=\"elementor-section elementor-top-section elementor-element elementor-element-2b45d78 elementor-section-boxed elementor-section-height-default elementor-section-height-default\" data-id=\"2b45d78\" data-element_type=\"section\">\n\t\t\t\t\t\t<div class=\"elementor-container elementor-column-gap-default\">\n\t\t\t\t\t\t\t<div class=\"elementor-row\">\n\t\t\t\t\t<div class=\"elementor-column elementor-col-100 elementor-top-column elementor-element elementor-element-ec10bf8\" data-id=\"ec10bf8\" data-element_type=\"column\">\n\t\t\t<div class=\"elementor-column-wrap elementor-element-populated\">\n\t\t\t\t\t\t\t<div class=\"elementor-widget-wrap\">\n\t\t\t\t\t\t<div class=\"elementor-element elementor-element-734b276 elementor-widget elementor-widget-heading\" data-id=\"734b276\" data-element_type=\"widget\" data-widget_type=\"heading.default\">\n\t\t\t\t<div class=\"elementor-widget-container\">\n\t\t\t<h2 class=\"elementor-heading-title elementor-size-xxl\">A propos de nous<\/h2>\t\t<\/div>\n\t\t\t\t<\/div>\n\t\t\t\t\t\t<\/div>\n\t\t\t\t\t<\/div>\n\t\t<\/div>\n\t\t\t\t\t\t\t\t<\/div>\n\t\t\t\t\t<\/div>\n\t\t<\/section>\n\t\t\t\t<section class=\"elementor-section elementor-top-section elementor-element elementor-element-125b815 elementor-section-boxed elementor-section-height-default elementor-section-height-default\" data-id=\"125b815\" data-element_type=\"section\">\n\t\t\t\t\t\t<div class=\"elementor-container elementor-column-gap-default\">\n\t\t\t\t\t\t\t<div class=\"elementor-row\">\n\t\t\t\t\t<div class=\"elementor-column elementor-col-100 elementor-top-column elementor-element elementor-element-4c328f8\" data-id=\"4c328f8\" data-element_type=\"column\">\n\t\t\t<div class=\"elementor-column-wrap elementor-element-populated\">\n\t\t\t\t\t\t\t<div class=\"elementor-widget-wrap\">\n\t\t\t\t\t\t<div class=\"elementor-element elementor-element-12e0d69 elementor-widget-divider--view-line elementor-widget elementor-widget-divider\" data-id=\"12e0d69\" data-element_type=\"widget\" data-widget_type=\"divider.default\">\n\t\t\t\t<div class=\"elementor-widget-container\">\n\t\t\t\t\t<div class=\"elementor-divider\">\n\t\t\t<span class=\"elementor-divider-separator\">\n\t\t\t\t\t\t<\/span>\n\t\t<\/div>\n\t\t\t\t<\/div>\n\t\t\t\t<\/div>\n\t\t\t\t<div class=\"elementor-element elementor-element-aa0a8f8 elementor-widget elementor-widget-text-editor\" data-id=\"aa0a8f8\" data-element_type=\"widget\" data-widget_type=\"text-editor.default\">\n\t\t\t\t<div class=\"elementor-widget-container\">\n\t\t\t\t\t\t\t\t<div class=\"elementor-text-editor elementor-clearfix\">\n\t\t\t\t<p>Derguti S\u00e0rl est une entreprise familiale ind\u00e9pendante de taille moyenne. Elle \u00e0 \u00e9t\u00e9 fond\u00e9e r\u00e9cemment et se d\u00e9veloppe actuellement avec beaucoup d'engagement et de passion.\nNos employ\u00e9s tr\u00e8s bien form\u00e9s s'occupent du travail qui nous est confi\u00e9 avec comp\u00e9tence et fiabilit\u00e9. \nNous nous r\u00e9jouissons de pouvoir ex\u00e9cuter vos commandes de mani\u00e8re professionnelle et orient\u00e9e vers le client.\nGr\u00e2ce \u00e0 notre longue exp\u00e9rience dans le domaine du g\u00e9nie civil et des b\u00e2timents, vous  obtenez de bonnes comp\u00e9tences. Votre satisfaction est notre premi\u00e8re priorit\u00e9.<\/p>\t\t\t\t\t<\/div>\n\t\t\t\t\t\t<\/div>\n\t\t\t\t<\/div>\n\t\t\t\t\t\t<\/div>\n\t\t\t\t\t<\/div>\n\t\t<\/div>\n\t\t\t\t\t\t\t\t<\/div>\n\t\t\t\t\t<\/div>\n\t\t<\/section>\n\t\t\t\t<section class=\"elementor-section elementor-top-section elementor-element elementor-element-b4f9e14 elementor-section-boxed elementor-section-height-default elementor-section-height-default\" data-id=\"b4f9e14\" data-element_type=\"section\">\n\t\t\t\t\t\t<div class=\"elementor-container elementor-column-gap-default\">\n\t\t\t\t\t\t\t<div class=\"elementor-row\">\n\t\t\t\t\t<div class=\"elementor-column elementor-col-100 elementor-top-column elementor-element elementor-element-ffb436b\" data-id=\"ffb436b\" data-element_type=\"column\">\n\t\t\t<div class=\"elementor-column-wrap elementor-element-populated\">\n\t\t\t\t\t\t\t<div class=\"elementor-widget-wrap\">\n\t\t\t\t\t\t<div class=\"elementor-element elementor-element-4b10b60 elementor-widget elementor-widget-image\" data-id=\"4b10b60\" data-element_type=\"widget\" data-widget_type=\"image.default\">\n\t\t\t\t<div class=\"elementor-widget-container\">\n\t\t\t\t\t\t\t\t<div class=\"elementor-image\">\n\t\t\t\t\t\t\t\t\t\t\t\t<img loading=\"lazy\" decoding=\"async\" width=\"1024\" height=\"683\" src=\"https:\/\/www.derguti-bau.ch\/wp-content\/uploads\/2022\/01\/89488622_117582093171895_100472474898006016_n-1024x683.jpg\" class=\"attachment-large size-large wp-image-312\" alt=\"\" srcset=\"https:\/\/www.derguti-bau.ch\/wp-content\/uploads\/2022\/01\/89488622_117582093171895_100472474898006016_n-1024x683.jpg 1024w, https:\/\/www.derguti-bau.ch\/wp-content\/uploads\/2022\/01\/89488622_117582093171895_100472474898006016_n-300x200.jpg 300w, https:\/\/www.derguti-bau.ch\/wp-content\/uploads\/2022\/01\/89488622_117582093171895_100472474898006016_n-768x512.jpg 768w, https:\/\/www.derguti-bau.ch\/wp-content\/uploads\/2022\/01\/89488622_117582093171895_100472474898006016_n-18x12.jpg 18w, https:\/\/www.derguti-bau.ch\/wp-content\/uploads\/2022\/01\/89488622_117582093171895_100472474898006016_n-700x467.jpg 700w, https:\/\/www.derguti-bau.ch\/wp-content\/uploads\/2022\/01\/89488622_117582093171895_100472474898006016_n-410x273.jpg 410w, https:\/\/www.derguti-bau.ch\/wp-content\/uploads\/2022\/01\/89488622_117582093171895_100472474898006016_n-100x67.jpg 100w, https:\/\/www.derguti-bau.ch\/wp-content\/uploads\/2022\/01\/89488622_117582093171895_100472474898006016_n-275x183.jpg 275w, https:\/\/www.derguti-bau.ch\/wp-content\/uploads\/2022\/01\/89488622_117582093171895_100472474898006016_n.jpg 1200w\" sizes=\"(max-width: 1024px) 100vw, 1024px\" \/>\t\t\t\t\t\t\t\t\t\t\t\t\t\t<\/div>\n\t\t\t\t\t\t<\/div>\n\t\t\t\t<\/div>\n\t\t\t\t\t\t<\/div>\n\t\t\t\t\t<\/div>\n\t\t<\/div>\n\t\t\t\t\t\t\t\t<\/div>\n\t\t\t\t\t<\/div>\n\t\t<\/section>\n\t\t\t\t\t\t\t\t\t<\/div>\n\t\t\t<\/div>\n\t\t\t\t\t<\/div>","protected":false},"excerpt":{"rendered":"<p>\u00dcber uns Derguti GmbH ist ein mittelst\u00e4ndiges, unabh\u00e4ngiges Familienunternehmen. Das Unternehmen wurde frisch gegr\u00fcndet und wird jetzt mit viel Engangement und Herzblut aufgebaut. Unsere fachlich sehr gut ausgebildeten Mitarbeiter erledigen die uns anvertrauten Arbeiten kompetent und zuverl\u00e4ssig. Gemeinsam erarbeiten wir L\u00f6sungen f\u00fcr jeden Kundenbedarf. Wir freuen uns Ihre Auftr\u00e4ge professionell und kundenorientiert auszuf\u00fchren. Durch die [&hellip;]<\/p>","protected":false},"author":1,"featured_media":0,"parent":0,"menu_order":2,"comment_status":"closed","ping_status":"closed","template":"elementor_header_footer","meta":{"footnotes":""},"class_list":["post-32","page","type-page","status-publish","hentry"],"yoast_head":"<!-- This site is optimized with the Yoast SEO plugin v24.9 - https:\/\/yoast.com\/wordpress\/plugins\/seo\/ -->\n<title>\u00dcber uns - Derguti Bau GmbH<\/title>\n<meta name=\"description\" content=\"Wir erarbeiten L\u00f6sungen f\u00fcr jeden Kundenbedarf. Wir freuen uns Ihre Auftr\u00e4ge professionell und kundenorientiert auszuf\u00fchren. Durch die jahrelange Erfahrung auf dem Gebiet Hoch- und Tiefbau, erhalten sie die richtigen Kompetenzen.\" \/>\n<meta name=\"robots\" content=\"index, follow, max-snippet:-1, max-image-preview:large, max-video-preview:-1\" \/>\n<link rel=\"canonical\" href=\"http:\/\/www.derguti-bau.ch\/fr\/ueber-uns\/\" \/>\n<meta property=\"og:locale\" content=\"fr_FR\" \/>\n<meta property=\"og:type\" content=\"article\" \/>\n<meta property=\"og:title\" content=\"\u00dcber uns - Derguti Bau GmbH\" \/>\n<meta property=\"og:description\" content=\"Wir erarbeiten L\u00f6sungen f\u00fcr jeden Kundenbedarf. Wir freuen uns Ihre Auftr\u00e4ge professionell und kundenorientiert auszuf\u00fchren. Durch die jahrelange Erfahrung auf dem Gebiet Hoch- und Tiefbau, erhalten sie die richtigen Kompetenzen.\" \/>\n<meta property=\"og:url\" content=\"http:\/\/www.derguti-bau.ch\/fr\/ueber-uns\/\" \/>\n<meta property=\"og:site_name\" content=\"Derguti Bau GmbH\" \/>\n<meta property=\"article:modified_time\" content=\"2022-01-05T06:23:05+00:00\" \/>\n<meta property=\"og:image\" content=\"http:\/\/www.derguti-bau.ch\/wp-content\/uploads\/2022\/01\/89488622_117582093171895_100472474898006016_n-1024x683.jpg\" \/>\n<meta name=\"twitter:card\" content=\"summary_large_image\" \/>\n<meta name=\"twitter:label1\" content=\"Dur\u00e9e de lecture estim\u00e9e\" \/>\n\t<meta name=\"twitter:data1\" content=\"1 minute\" \/>\n<script type=\"application\/ld+json\" class=\"yoast-schema-graph\">{\"@context\":\"https:\/\/schema.org\",\"@graph\":[{\"@type\":\"WebPage\",\"@id\":\"http:\/\/www.derguti-bau.ch\/ueber-uns\/\",\"url\":\"http:\/\/www.derguti-bau.ch\/ueber-uns\/\",\"name\":\"\u00dcber uns - Derguti Bau GmbH\",\"isPartOf\":{\"@id\":\"http:\/\/www.derguti-bau.ch\/#website\"},\"primaryImageOfPage\":{\"@id\":\"http:\/\/www.derguti-bau.ch\/ueber-uns\/#primaryimage\"},\"image\":{\"@id\":\"http:\/\/www.derguti-bau.ch\/ueber-uns\/#primaryimage\"},\"thumbnailUrl\":\"http:\/\/www.derguti-bau.ch\/wp-content\/uploads\/2022\/01\/89488622_117582093171895_100472474898006016_n-1024x683.jpg\",\"datePublished\":\"2020-03-06T17:39:43+00:00\",\"dateModified\":\"2022-01-05T06:23:05+00:00\",\"description\":\"Wir erarbeiten L\u00f6sungen f\u00fcr jeden Kundenbedarf. Wir freuen uns Ihre Auftr\u00e4ge professionell und kundenorientiert auszuf\u00fchren. Durch die jahrelange Erfahrung auf dem Gebiet Hoch- und Tiefbau, erhalten sie die richtigen Kompetenzen.\",\"breadcrumb\":{\"@id\":\"http:\/\/www.derguti-bau.ch\/ueber-uns\/#breadcrumb\"},\"inLanguage\":\"fr-FR\",\"potentialAction\":[{\"@type\":\"ReadAction\",\"target\":[\"http:\/\/www.derguti-bau.ch\/ueber-uns\/\"]}]},{\"@type\":\"ImageObject\",\"inLanguage\":\"fr-FR\",\"@id\":\"http:\/\/www.derguti-bau.ch\/ueber-uns\/#primaryimage\",\"url\":\"http:\/\/www.derguti-bau.ch\/wp-content\/uploads\/2022\/01\/89488622_117582093171895_100472474898006016_n-1024x683.jpg\",\"contentUrl\":\"http:\/\/www.derguti-bau.ch\/wp-content\/uploads\/2022\/01\/89488622_117582093171895_100472474898006016_n-1024x683.jpg\"},{\"@type\":\"BreadcrumbList\",\"@id\":\"http:\/\/www.derguti-bau.ch\/ueber-uns\/#breadcrumb\",\"itemListElement\":[{\"@type\":\"ListItem\",\"position\":1,\"name\":\"Home\",\"item\":\"http:\/\/www.derguti-bau.ch\/\"},{\"@type\":\"ListItem\",\"position\":2,\"name\":\"\u00dcber uns\"}]},{\"@type\":\"WebSite\",\"@id\":\"http:\/\/www.derguti-bau.ch\/#website\",\"url\":\"http:\/\/www.derguti-bau.ch\/\",\"name\":\"Derguti Bau GmbH\",\"description\":\"\",\"potentialAction\":[{\"@type\":\"SearchAction\",\"target\":{\"@type\":\"EntryPoint\",\"urlTemplate\":\"http:\/\/www.derguti-bau.ch\/?s={search_term_string}\"},\"query-input\":{\"@type\":\"PropertyValueSpecification\",\"valueRequired\":true,\"valueName\":\"search_term_string\"}}],\"inLanguage\":\"fr-FR\"}]}<\/script>\n<!-- \/ Yoast SEO plugin. -->","yoast_head_json":{"title":"\u00dcber uns - Derguti Bau GmbH","description":"Wir erarbeiten L\u00f6sungen f\u00fcr jeden Kundenbedarf. Wir freuen uns Ihre Auftr\u00e4ge professionell und kundenorientiert auszuf\u00fchren. Durch die jahrelange Erfahrung auf dem Gebiet Hoch- und Tiefbau, erhalten sie die richtigen Kompetenzen.","robots":{"index":"index","follow":"follow","max-snippet":"max-snippet:-1","max-image-preview":"max-image-preview:large","max-video-preview":"max-video-preview:-1"},"canonical":"http:\/\/www.derguti-bau.ch\/fr\/ueber-uns\/","og_locale":"fr_FR","og_type":"article","og_title":"\u00dcber uns - Derguti Bau GmbH","og_description":"Wir erarbeiten L\u00f6sungen f\u00fcr jeden Kundenbedarf. Wir freuen uns Ihre Auftr\u00e4ge professionell und kundenorientiert auszuf\u00fchren. Durch die jahrelange Erfahrung auf dem Gebiet Hoch- und Tiefbau, erhalten sie die richtigen Kompetenzen.","og_url":"http:\/\/www.derguti-bau.ch\/fr\/ueber-uns\/","og_site_name":"Derguti Bau GmbH","article_modified_time":"2022-01-05T06:23:05+00:00","og_image":[{"url":"http:\/\/www.derguti-bau.ch\/wp-content\/uploads\/2022\/01\/89488622_117582093171895_100472474898006016_n-1024x683.jpg","type":"","width":"","height":""}],"twitter_card":"summary_large_image","twitter_misc":{"Dur\u00e9e de lecture estim\u00e9e":"1 minute"},"schema":{"@context":"https:\/\/schema.org","@graph":[{"@type":"WebPage","@id":"http:\/\/www.derguti-bau.ch\/ueber-uns\/","url":"http:\/\/www.derguti-bau.ch\/ueber-uns\/","name":"\u00dcber uns - Derguti Bau GmbH","isPartOf":{"@id":"http:\/\/www.derguti-bau.ch\/#website"},"primaryImageOfPage":{"@id":"http:\/\/www.derguti-bau.ch\/ueber-uns\/#primaryimage"},"image":{"@id":"http:\/\/www.derguti-bau.ch\/ueber-uns\/#primaryimage"},"thumbnailUrl":"http:\/\/www.derguti-bau.ch\/wp-content\/uploads\/2022\/01\/89488622_117582093171895_100472474898006016_n-1024x683.jpg","datePublished":"2020-03-06T17:39:43+00:00","dateModified":"2022-01-05T06:23:05+00:00","description":"Wir erarbeiten L\u00f6sungen f\u00fcr jeden Kundenbedarf. Wir freuen uns Ihre Auftr\u00e4ge professionell und kundenorientiert auszuf\u00fchren. Durch die jahrelange Erfahrung auf dem Gebiet Hoch- und Tiefbau, erhalten sie die richtigen Kompetenzen.","breadcrumb":{"@id":"http:\/\/www.derguti-bau.ch\/ueber-uns\/#breadcrumb"},"inLanguage":"fr-FR","potentialAction":[{"@type":"ReadAction","target":["http:\/\/www.derguti-bau.ch\/ueber-uns\/"]}]},{"@type":"ImageObject","inLanguage":"fr-FR","@id":"http:\/\/www.derguti-bau.ch\/ueber-uns\/#primaryimage","url":"http:\/\/www.derguti-bau.ch\/wp-content\/uploads\/2022\/01\/89488622_117582093171895_100472474898006016_n-1024x683.jpg","contentUrl":"http:\/\/www.derguti-bau.ch\/wp-content\/uploads\/2022\/01\/89488622_117582093171895_100472474898006016_n-1024x683.jpg"},{"@type":"BreadcrumbList","@id":"http:\/\/www.derguti-bau.ch\/ueber-uns\/#breadcrumb","itemListElement":[{"@type":"ListItem","position":1,"name":"Home","item":"http:\/\/www.derguti-bau.ch\/"},{"@type":"ListItem","position":2,"name":"\u00dcber uns"}]},{"@type":"WebSite","@id":"http:\/\/www.derguti-bau.ch\/#website","url":"http:\/\/www.derguti-bau.ch\/","name":"Derguti Bau GmbH","description":"","potentialAction":[{"@type":"SearchAction","target":{"@type":"EntryPoint","urlTemplate":"http:\/\/www.derguti-bau.ch\/?s={search_term_string}"},"query-input":{"@type":"PropertyValueSpecification","valueRequired":true,"valueName":"search_term_string"}}],"inLanguage":"fr-FR"}]}},"jetpack_sharing_enabled":true,"_links":{"self":[{"href":"https:\/\/www.derguti-bau.ch\/fr\/wp-json\/wp\/v2\/pages\/32"}],"collection":[{"href":"https:\/\/www.derguti-bau.ch\/fr\/wp-json\/wp\/v2\/pages"}],"about":[{"href":"https:\/\/www.derguti-bau.ch\/fr\/wp-json\/wp\/v2\/types\/page"}],"author":[{"embeddable":true,"href":"https:\/\/www.derguti-bau.ch\/fr\/wp-json\/wp\/v2\/users\/1"}],"replies":[{"embeddable":true,"href":"https:\/\/www.derguti-bau.ch\/fr\/wp-json\/wp\/v2\/comments?post=32"}],"version-history":[{"count":21,"href":"https:\/\/www.derguti-bau.ch\/fr\/wp-json\/wp\/v2\/pages\/32\/revisions"}],"predecessor-version":[{"id":349,"href":"https:\/\/www.derguti-bau.ch\/fr\/wp-json\/wp\/v2\/pages\/32\/revisions\/349"}],"wp:attachment":[{"href":"https:\/\/www.derguti-bau.ch\/fr\/wp-json\/wp\/v2\/media?parent=32"}],"curies":[{"name":"wp","href":"https:\/\/api.w.org\/{rel}","templated":true}]}}